{"id":13,"date":"2024-06-04T13:45:26","date_gmt":"2024-06-04T11:45:26","guid":{"rendered":"https:\/\/archiff.cluster023.hosting.ovh.net\/wp\/?page_id=13"},"modified":"2024-06-13T14:35:23","modified_gmt":"2024-06-13T12:35:23","slug":"contact-2","status":"publish","type":"page","link":"https:\/\/archifilm.fr\/wp\/?page_id=13","title":{"rendered":"Contact"},"content":{"rendered":"\n<div class=\"wp-block-media-text is-stacked-on-mobile\"><figure class=\"wp-block-media-text__media\"><img fetchpriority=\"high\" decoding=\"async\" width=\"1024\" height=\"683\" src=\"http:\/\/archifilm.fr\/wp\/wp-content\/uploads\/2024\/06\/architecture-mansion-palace-old-urban-entrance-810455-pxhere.com_-1024x683.jpg\" alt=\"\" class=\"wp-image-144 size-full\" srcset=\"https:\/\/archifilm.fr\/wp\/wp-content\/uploads\/2024\/06\/architecture-mansion-palace-old-urban-entrance-810455-pxhere.com_-1024x683.jpg 1024w, https:\/\/archifilm.fr\/wp\/wp-content\/uploads\/2024\/06\/architecture-mansion-palace-old-urban-entrance-810455-pxhere.com_-300x200.jpg 300w, https:\/\/archifilm.fr\/wp\/wp-content\/uploads\/2024\/06\/architecture-mansion-palace-old-urban-entrance-810455-pxhere.com_-2000x1335.jpg 2000w, https:\/\/archifilm.fr\/wp\/wp-content\/uploads\/2024\/06\/architecture-mansion-palace-old-urban-entrance-810455-pxhere.com_-600x400.jpg 600w, https:\/\/archifilm.fr\/wp\/wp-content\/uploads\/2024\/06\/architecture-mansion-palace-old-urban-entrance-810455-pxhere.com_-1200x800.jpg 1200w\" sizes=\"(max-width: 1024px) 100vw, 1024px\" \/><\/figure><div class=\"wp-block-media-text__content\">\n<h2 class=\"wp-block-heading has-text-align-right has-secondary-color has-text-color has-link-color wp-elements-6f109c3d442d1858554c313ae7ec428c\">Vous \u00eates un professionnel<\/h2>\n\n\n\n<h2 class=\"wp-block-heading has-text-align-right has-large-font-size\">Vous souhaitez b\u00e9n\u00e9ficier de nos programmations accompagn\u00e9es<\/h2>\n\n\n\n<p class=\"has-text-align-right\">Nous pouvons pr\u00e9senter et prolonger vos s\u00e9ances, monter un festival en partenariat avec vous en vous mettant en contact avec les artistes, architectes, universitaires et critiques. Nous vous sugg\u00e9rerons des films et des distributeurs. Comme nous sommes une association \u00e0 but non lucratif, il vous suffit seulement d&rsquo;adh\u00e9rer pour b\u00e9n\u00e9ficier de nos services, nous ne prenons pas de commission. Nous sommes bas\u00e9s sur Paris et en R\u00e9gion Centre, mais sommes en capacit\u00e9 d&rsquo;intervenir partout en France.<br><\/p>\n<\/div><\/div>\n\n\n\n<div class=\"wp-block-group has-global-padding is-layout-constrained wp-block-group-is-layout-constrained\">\n<div class=\"wp-block-columns are-vertically-aligned-top is-layout-flex wp-container-core-columns-is-layout-d7d455e7 wp-block-columns-is-layout-flex\" style=\"padding-top:0;padding-right:0;padding-bottom:0;padding-left:0\">\n<div class=\"wp-block-column is-vertically-aligned-top is-layout-flow wp-block-column-is-layout-flow\" style=\"flex-basis:50%\"><\/div>\n<\/div>\n<\/div>\n\n\n\n<div class=\"wp-block-media-text has-media-on-the-right is-stacked-on-mobile\"><div class=\"wp-block-media-text__content\">\n<h2 class=\"wp-block-heading has-secondary-color has-text-color has-link-color wp-elements-1927cbb8f8a0d4aff51563c9a4542b27\">Vous \u00eates un particulier<\/h2>\n\n\n\n<p><\/p>\n\n\n\n<h2 class=\"wp-block-heading has-large-font-size\">Vous aimez et\/ou souhaiteriez enrichir les ressources du site.<\/h2>\n\n\n\n<p>Les articles du blog sont mod\u00e9r\u00e9s, mais nous sommes tr\u00e8s enthousiastes \u00e0 publier vos remarques sur les films qui vous ont plu. Fa\u00eetes nous remonter vos d\u00e9sirs sur notre mail de contact.<\/p>\n\n\n\n<p>Vous pouvez \u00e9galement adh\u00e9rer pour nous soutenir. Votre participation financi\u00e8re est libre pour les particuliers.<\/p>\n\n\n\n<p><\/p>\n<\/div><figure class=\"wp-block-media-text__media\"><img decoding=\"async\" width=\"1024\" height=\"853\" src=\"https:\/\/archifilm.fr\/wp\/wp-content\/uploads\/2024\/06\/spectateur-1024x853.jpg\" alt=\"\" class=\"wp-image-149 size-full\" srcset=\"https:\/\/archifilm.fr\/wp\/wp-content\/uploads\/2024\/06\/spectateur-1024x853.jpg 1024w, https:\/\/archifilm.fr\/wp\/wp-content\/uploads\/2024\/06\/spectateur-300x250.jpg 300w, https:\/\/archifilm.fr\/wp\/wp-content\/uploads\/2024\/06\/spectateur-2000x1666.jpg 2000w\" sizes=\"(max-width: 1024px) 100vw, 1024px\" \/><\/figure><\/div>\n\n\n\n<div class=\"wp-block-group alignfull has-global-padding is-layout-constrained wp-container-core-group-is-layout-19e250f3 wp-block-group-is-layout-constrained\">\n<div class=\"wp-block-columns alignfull are-vertically-aligned-center has-light-background-background-color has-background is-layout-flex wp-container-core-columns-is-layout-dd282781 wp-block-columns-is-layout-flex\" style=\"padding-top:0;padding-right:0;padding-bottom:0;padding-left:0\">\n<div class=\"wp-block-column is-vertically-aligned-center map-grayscale is-layout-flow wp-block-column-is-layout-flow\" style=\"flex-basis:50%\"><\/div>\n<\/div>\n<\/div>\n\n\n\n<figure class=\"wp-block-image aligncenter size-full\"><img decoding=\"async\" width=\"424\" height=\"300\" sizes=\"(max-width: 424px) 100vw, 424px\" src=\"http:\/\/archifilm.fr\/wp\/wp-content\/uploads\/2024\/06\/cropped-logo_petit-1.png\" alt=\"\" class=\"wp-image-70\" srcset=\"https:\/\/archifilm.fr\/wp\/wp-content\/uploads\/2024\/06\/cropped-logo_petit-1.png 424w, https:\/\/archifilm.fr\/wp\/wp-content\/uploads\/2024\/06\/cropped-logo_petit-1-300x212.png 300w\" \/><\/figure>\n\n\n\n<h3 class=\"wp-block-heading has-text-align-center has-secondary-color has-text-color has-link-color has-large-font-size wp-elements-b21e874dd867642037e14baa489f4bce\"><\/h3>\n\n\n\n<h3 class=\"wp-block-heading has-text-align-center\">Email<\/h3>\n\n\n\n<p class=\"has-text-align-center has-secondary-color has-text-color has-link-color wp-elements-0da53fe7b47e77272f158ed0688142b6\">contact@archifilm.fr<\/p>\n\n\n\n<h3 class=\"wp-block-heading has-text-align-center\">T\u00e9l\u00e9p<strong>hone<\/strong><\/h3>\n\n\n\n<p class=\"has-text-align-center has-secondary-color has-text-color has-link-color wp-elements-cdcf93d8db015aba22fcbdf2a47a53ee\">07 50 28 59 39<\/p>\n\n\n\n<h3 class=\"wp-block-heading has-text-align-center\">Adresse<\/h3>\n\n\n\n<p class=\"has-text-align-center has-secondary-color has-text-color has-link-color wp-elements-45216de3c11cf1c9a5a33cdcddc89aaf\">7, rue Fontaine des \u00e9lus, 41000 Blois<\/p>\n\n\n\n<p><\/p>\n\n\n\n<hr class=\"wp-block-separator has-alpha-channel-opacity\"\/>\n\n\n\n<h1 class=\"wp-block-heading has-text-align-center\"><strong><mark style=\"background-color:rgba(0, 0, 0, 0);color:#e61818\" class=\"has-inline-color\">Adh\u00e9sions et dons<\/mark><\/strong><\/h1>\n\n\n\n<hr class=\"wp-block-separator has-alpha-channel-opacity\"\/>\n\n\n\n<p><iframe id=\"haWidget\" allowtransparency=\"true\" scrolling=\"auto\" src=\"https:\/\/www.helloasso.com\/associations\/archifilm\/adhesions\/adhesions\/widget\" style=\"width: 100%; height: 750px; border: none;\"><\/iframe><\/p>\n\n\n\n<p><\/p>\n\n\n\n<p><iframe id=\"haWidget\" allowtransparency=\"true\" scrolling=\"auto\" src=\"https:\/\/www.helloasso.com\/associations\/archifilm\/formulaires\/1\/widget\" style=\"width: 100%; height: 750px; border: none;\"><\/iframe><\/p>\n","protected":false},"excerpt":{"rendered":"<p>Vous \u00eates un professionnel Vous souhaitez b\u00e9n\u00e9ficier de nos programmations accompagn\u00e9es Nous pouvons pr\u00e9senter et prolonger vos s\u00e9ances, monter un festival en partenariat avec vous en vous mettant en contact avec les artistes, architectes, universitaires et critiques. Nous vous sugg\u00e9rerons des films et des distributeurs. Comme nous sommes une association \u00e0 but non lucratif, il &hellip; <\/p>\n<p class=\"link-more\"><a href=\"https:\/\/archifilm.fr\/wp\/?page_id=13\" class=\"more-link\">Lire la suite de<span class=\"screen-reader-text\">\u00ab\u00a0Contact\u00a0\u00bb<\/span><\/a><\/p>\n","protected":false},"author":1,"featured_media":158,"parent":0,"menu_order":0,"comment_status":"closed","ping_status":"closed","template":"","meta":{"footnotes":""},"class_list":["post-13","page","type-page","status-publish","has-post-thumbnail","hentry"],"featured_media_urls":{"thumbnail":["https:\/\/archifilm.fr\/wp\/wp-content\/uploads\/2024\/06\/etat-limite-3-150x150.jpg",150,150,true],"medium":["https:\/\/archifilm.fr\/wp\/wp-content\/uploads\/2024\/06\/etat-limite-3-300x200.jpg",300,200,true],"medium_large":["https:\/\/archifilm.fr\/wp\/wp-content\/uploads\/2024\/06\/etat-limite-3.jpg",768,512,false],"large":["https:\/\/archifilm.fr\/wp\/wp-content\/uploads\/2024\/06\/etat-limite-3-1024x683.jpg",950,634,true],"1536x1536":["https:\/\/archifilm.fr\/wp\/wp-content\/uploads\/2024\/06\/etat-limite-3.jpg",1440,960,false],"2048x2048":["https:\/\/archifilm.fr\/wp\/wp-content\/uploads\/2024\/06\/etat-limite-3.jpg",1440,960,false],"inspiro-featured-image":["https:\/\/archifilm.fr\/wp\/wp-content\/uploads\/2024\/06\/etat-limite-3.jpg",1440,960,false],"inspiro-loop":["https:\/\/archifilm.fr\/wp\/wp-content\/uploads\/2024\/06\/etat-limite-3-950x320.jpg",950,320,true],"inspiro-loop@2x":["https:\/\/archifilm.fr\/wp\/wp-content\/uploads\/2024\/06\/etat-limite-3-1440x640.jpg",1440,640,true],"mailpoet_newsletter_max":["https:\/\/archifilm.fr\/wp\/wp-content\/uploads\/2024\/06\/etat-limite-3-1320x880.jpg",1320,880,true],"portfolio_item-thumbnail":["https:\/\/archifilm.fr\/wp\/wp-content\/uploads\/2024\/06\/etat-limite-3-600x400.jpg",600,400,true],"portfolio_item-thumbnail@2x":["https:\/\/archifilm.fr\/wp\/wp-content\/uploads\/2024\/06\/etat-limite-3-1200x800.jpg",1200,800,true],"portfolio_item-masonry":["https:\/\/archifilm.fr\/wp\/wp-content\/uploads\/2024\/06\/etat-limite-3-600x400.jpg",600,400,true],"portfolio_item-masonry@2x":["https:\/\/archifilm.fr\/wp\/wp-content\/uploads\/2024\/06\/etat-limite-3-1200x800.jpg",1200,800,true],"portfolio_item-thumbnail_cinema":["https:\/\/archifilm.fr\/wp\/wp-content\/uploads\/2024\/06\/etat-limite-3-800x335.jpg",800,335,true],"portfolio_item-thumbnail_portrait":["https:\/\/archifilm.fr\/wp\/wp-content\/uploads\/2024\/06\/etat-limite-3-600x900.jpg",600,900,true],"portfolio_item-thumbnail_portrait@2x":["https:\/\/archifilm.fr\/wp\/wp-content\/uploads\/2024\/06\/etat-limite-3-1200x960.jpg",1200,960,true],"portfolio_item-thumbnail_square":["https:\/\/archifilm.fr\/wp\/wp-content\/uploads\/2024\/06\/etat-limite-3-800x800.jpg",800,800,true]},"_links":{"self":[{"href":"https:\/\/archifilm.fr\/wp\/index.php?rest_route=\/wp\/v2\/pages\/13","targetHints":{"allow":["GET"]}}],"collection":[{"href":"https:\/\/archifilm.fr\/wp\/index.php?rest_route=\/wp\/v2\/pages"}],"about":[{"href":"https:\/\/archifilm.fr\/wp\/index.php?rest_route=\/wp\/v2\/types\/page"}],"author":[{"embeddable":true,"href":"https:\/\/archifilm.fr\/wp\/index.php?rest_route=\/wp\/v2\/users\/1"}],"replies":[{"embeddable":true,"href":"https:\/\/archifilm.fr\/wp\/index.php?rest_route=%2Fwp%2Fv2%2Fcomments&post=13"}],"version-history":[{"count":21,"href":"https:\/\/archifilm.fr\/wp\/index.php?rest_route=\/wp\/v2\/pages\/13\/revisions"}],"predecessor-version":[{"id":481,"href":"https:\/\/archifilm.fr\/wp\/index.php?rest_route=\/wp\/v2\/pages\/13\/revisions\/481"}],"wp:featuredmedia":[{"embeddable":true,"href":"https:\/\/archifilm.fr\/wp\/index.php?rest_route=\/wp\/v2\/media\/158"}],"wp:attachment":[{"href":"https:\/\/archifilm.fr\/wp\/index.php?rest_route=%2Fwp%2Fv2%2Fmedia&parent=13"}],"curies":[{"name":"wp","href":"https:\/\/api.w.org\/{rel}","templated":true}]}}