{"id":14,"date":"2024-06-04T13:45:26","date_gmt":"2024-06-04T11:45:26","guid":{"rendered":"https:\/\/archiff.cluster023.hosting.ovh.net\/wp\/?page_id=14"},"modified":"2025-05-06T08:26:32","modified_gmt":"2025-05-06T06:26:32","slug":"ressources","status":"publish","type":"page","link":"https:\/\/archifilm.fr\/wp\/?page_id=14","title":{"rendered":"Ressources"},"content":{"rendered":"\n<p class=\"has-text-align-center has-secondary-color has-text-color has-link-color wp-elements-c8842c01fa79377035ee07bc822c8bbd\"><\/p>\n\n\n\n<h2 class=\"wp-block-heading has-text-align-center\">Trouver l\u2019\u0153uvre cin\u00e9matographique en fonction de vos crit\u00e8res artistiques et architecturaux<\/h2>\n\n\n<form role=\"search\" method=\"get\" action=\"https:\/\/archifilm.fr\/wp\/\" class=\"wp-block-search__button-outside wp-block-search__text-button aligncenter wp-block-search\"    ><label class=\"wp-block-search__label screen-reader-text\" for=\"wp-block-search__input-1\" >Rechercher<\/label><div class=\"wp-block-search__inside-wrapper\"  style=\"width: 1140px\"><input class=\"wp-block-search__input\" id=\"wp-block-search__input-1\" placeholder=\"composante architecturale, artiste, titre, etc.\" value=\"\" type=\"search\" name=\"s\" data-rlvlive=\"true\" data-rlvparentel=\"#rlvlive_1\" data-rlvconfig=\"default\" required \/><button aria-label=\"Rechercher\" class=\"wp-block-search__button has-text-color has-secondary-color wp-element-button\" type=\"submit\" >Rechercher<\/button><\/div><span class=\"relevanssi-live-search-instructions\">Quand les r\u00e9sultats de l&rsquo;auto-compl\u00e9tion sont disponibles, utilisez les fl\u00e8ches haut et bas pour \u00e9valuer entrer pour aller \u00e0 la page d\u00e9sir\u00e9e. Utilisateurs et utilisatrices d\u2018appareils tactiles, explorez en touchant ou par des gestes de balayage.<\/span><div id=\"rlvlive_1\"><\/div><\/form>\n\n\n<p><\/p>\n\n\n\n<h2 class=\"wp-block-heading has-text-align-center has-white-background-color has-background\"><a href=\"http:\/\/www.archifilm.fr\/wp\/?redirect_to=random\"><mark style=\"background-color:#0bb4aa\" class=\"has-inline-color\">Consulter une fiche tir\u00e9e au hasard<\/mark><\/a><\/h2>\n\n\n\n<p class=\"has-text-align-center\"><\/p>\n\n\n\n<hr class=\"wp-block-separator has-alpha-channel-opacity\"\/>\n\n\n\n<p><\/p>\n\n\n\n<h2 class=\"wp-block-heading has-text-align-center has-primary-color has-text-color has-link-color wp-elements-27fad8ef3752e1afcc336cd43d02196c\" style=\"text-decoration:none\"><a href=\"https:\/\/archifilm.fr\/wp\/?page_id=904\" data-type=\"link\" data-id=\"https:\/\/archifilm.fr\/wp\/?page_id=904\">R\u00e9flexions cin\u00e9matographiques<\/a><\/h2>\n\n\n\n<p class=\"has-white-color has-text-color has-link-color wp-elements-7e4ac651328708ea719ac0894fa30934\">.<\/p>\n\n\n\n<hr class=\"wp-block-separator has-alpha-channel-opacity\"\/>\n\n\n\n<p><\/p>\n\n\n\n<h2 class=\"wp-block-heading has-text-align-left has-primary-color has-text-color has-link-color wp-elements-0f52751282e9a239fdff8a3ab5ef47da\">Les derni\u00e8res fiches<\/h2>\n\n\n<ul class=\"wp-block-latest-posts__list wp-block-latest-posts\"><li><a class=\"wp-block-latest-posts__post-title\" href=\"https:\/\/archifilm.fr\/wp\/?p=993\">Jour se l\u00e8ve (Le), Marcel Carn\u00e9, 1939<\/a><\/li>\n<li><a class=\"wp-block-latest-posts__post-title\" href=\"https:\/\/archifilm.fr\/wp\/?p=985\">Horloger de Saint-Paul (L&rsquo;), Bertrand Tavernier, 1974<\/a><\/li>\n<li><a class=\"wp-block-latest-posts__post-title\" href=\"https:\/\/archifilm.fr\/wp\/?p=968\">Belles cr\u00e9atures (Les), Gu\u00f0mundur Arnar Gu\u00f0mundsson, 2024<\/a><\/li>\n<li><a class=\"wp-block-latest-posts__post-title\" href=\"https:\/\/archifilm.fr\/wp\/?p=958\">Megalopolis, Francis Ford Coppola, 2024<\/a><\/li>\n<li><a class=\"wp-block-latest-posts__post-title\" href=\"https:\/\/archifilm.fr\/wp\/?p=948\">Menus-Plaisirs &#8211; Les Troisgros, Frederick Wiseman, 2023<\/a><\/li>\n<\/ul>\n\n\n<p><\/p>\n","protected":false},"excerpt":{"rendered":"<p>Trouver l\u2019\u0153uvre cin\u00e9matographique en fonction de vos crit\u00e8res artistiques et architecturaux Consulter une fiche tir\u00e9e au hasard R\u00e9flexions cin\u00e9matographiques . Les derni\u00e8res fiches<\/p>\n","protected":false},"author":1,"featured_media":133,"parent":0,"menu_order":0,"comment_status":"closed","ping_status":"closed","template":"","meta":{"footnotes":""},"class_list":["post-14","page","type-page","status-publish","has-post-thumbnail","hentry"],"featured_media_urls":{"thumbnail":["https:\/\/archifilm.fr\/wp\/wp-content\/uploads\/2024\/06\/vivarium-1-150x150.jpg",150,150,true],"medium":["https:\/\/archifilm.fr\/wp\/wp-content\/uploads\/2024\/06\/vivarium-1-300x200.jpg",300,200,true],"medium_large":["https:\/\/archifilm.fr\/wp\/wp-content\/uploads\/2024\/06\/vivarium-1.jpg",664,443,false],"large":["https:\/\/archifilm.fr\/wp\/wp-content\/uploads\/2024\/06\/vivarium-1.jpg",664,443,false],"1536x1536":["https:\/\/archifilm.fr\/wp\/wp-content\/uploads\/2024\/06\/vivarium-1.jpg",664,443,false],"2048x2048":["https:\/\/archifilm.fr\/wp\/wp-content\/uploads\/2024\/06\/vivarium-1.jpg",664,443,false],"inspiro-featured-image":["https:\/\/archifilm.fr\/wp\/wp-content\/uploads\/2024\/06\/vivarium-1.jpg",664,443,false],"inspiro-loop":["https:\/\/archifilm.fr\/wp\/wp-content\/uploads\/2024\/06\/vivarium-1-664x320.jpg",664,320,true],"inspiro-loop@2x":["https:\/\/archifilm.fr\/wp\/wp-content\/uploads\/2024\/06\/vivarium-1.jpg",664,443,false],"mailpoet_newsletter_max":["https:\/\/archifilm.fr\/wp\/wp-content\/uploads\/2024\/06\/vivarium-1.jpg",664,443,false],"portfolio_item-thumbnail":["https:\/\/archifilm.fr\/wp\/wp-content\/uploads\/2024\/06\/vivarium-1-600x400.jpg",600,400,true],"portfolio_item-thumbnail@2x":["https:\/\/archifilm.fr\/wp\/wp-content\/uploads\/2024\/06\/vivarium-1.jpg",664,443,false],"portfolio_item-masonry":["https:\/\/archifilm.fr\/wp\/wp-content\/uploads\/2024\/06\/vivarium-1-600x400.jpg",600,400,true],"portfolio_item-masonry@2x":["https:\/\/archifilm.fr\/wp\/wp-content\/uploads\/2024\/06\/vivarium-1.jpg",664,443,false],"portfolio_item-thumbnail_cinema":["https:\/\/archifilm.fr\/wp\/wp-content\/uploads\/2024\/06\/vivarium-1-664x335.jpg",664,335,true],"portfolio_item-thumbnail_portrait":["https:\/\/archifilm.fr\/wp\/wp-content\/uploads\/2024\/06\/vivarium-1-600x443.jpg",600,443,true],"portfolio_item-thumbnail_portrait@2x":["https:\/\/archifilm.fr\/wp\/wp-content\/uploads\/2024\/06\/vivarium-1.jpg",664,443,false],"portfolio_item-thumbnail_square":["https:\/\/archifilm.fr\/wp\/wp-content\/uploads\/2024\/06\/vivarium-1.jpg",664,443,false]},"_links":{"self":[{"href":"https:\/\/archifilm.fr\/wp\/index.php?rest_route=\/wp\/v2\/pages\/14","targetHints":{"allow":["GET"]}}],"collection":[{"href":"https:\/\/archifilm.fr\/wp\/index.php?rest_route=\/wp\/v2\/pages"}],"about":[{"href":"https:\/\/archifilm.fr\/wp\/index.php?rest_route=\/wp\/v2\/types\/page"}],"author":[{"embeddable":true,"href":"https:\/\/archifilm.fr\/wp\/index.php?rest_route=\/wp\/v2\/users\/1"}],"replies":[{"embeddable":true,"href":"https:\/\/archifilm.fr\/wp\/index.php?rest_route=%2Fwp%2Fv2%2Fcomments&post=14"}],"version-history":[{"count":41,"href":"https:\/\/archifilm.fr\/wp\/index.php?rest_route=\/wp\/v2\/pages\/14\/revisions"}],"predecessor-version":[{"id":1155,"href":"https:\/\/archifilm.fr\/wp\/index.php?rest_route=\/wp\/v2\/pages\/14\/revisions\/1155"}],"wp:featuredmedia":[{"embeddable":true,"href":"https:\/\/archifilm.fr\/wp\/index.php?rest_route=\/wp\/v2\/media\/133"}],"wp:attachment":[{"href":"https:\/\/archifilm.fr\/wp\/index.php?rest_route=%2Fwp%2Fv2%2Fmedia&parent=14"}],"curies":[{"name":"wp","href":"https:\/\/api.w.org\/{rel}","templated":true}]}}